{"id":17,"date":"2020-11-13T16:17:51","date_gmt":"2020-11-13T16:17:51","guid":{"rendered":"https:\/\/x-theme.net\/avas-mechanic\/?page_id=17"},"modified":"2023-11-08T04:05:37","modified_gmt":"2023-11-08T01:05:37","slug":"hakkimizda","status":"publish","type":"page","link":"https:\/\/07antalyacilingir.com\/index.php\/hakkimizda\/","title":{"rendered":"Hakk\u0131m\u0131zda"},"content":{"rendered":"\t\t<div data-elementor-type=\"wp-page\" data-elementor-id=\"17\" class=\"elementor elementor-17\">\n\t\t\t\t\t\t\t<div class=\"elementor-element elementor-element-e20c1fe e-flex e-con-boxed e-con e-parent\" data-id=\"e20c1fe\" data-element_type=\"container\" data-settings=\"{&quot;content_width&quot;:&quot;boxed&quot;}\" data-core-v316-plus=\"true\">\n\t\t\t\t\t<div class=\"e-con-inner\">\n\t\t\t\t<div class=\"elementor-element elementor-element-12ca1bd elementor-widget elementor-widget-spacer\" data-id=\"12ca1bd\" data-element_type=\"widget\" data-widget_type=\"spacer.default\">\n\t\t\t\t<div class=\"elementor-widget-container\">\n\t\t\t<style>\/*! elementor - v3.17.0 - 01-11-2023 *\/\n.elementor-column .elementor-spacer-inner{height:var(--spacer-size)}.e-con{--container-widget-width:100%}.e-con-inner>.elementor-widget-spacer,.e-con>.elementor-widget-spacer{width:var(--container-widget-width,var(--spacer-size));--align-self:var(--container-widget-align-self,initial);--flex-shrink:0}.e-con-inner>.elementor-widget-spacer>.elementor-widget-container,.e-con>.elementor-widget-spacer>.elementor-widget-container{height:100%;width:100%}.e-con-inner>.elementor-widget-spacer>.elementor-widget-container>.elementor-spacer,.e-con>.elementor-widget-spacer>.elementor-widget-container>.elementor-spacer{height:100%}.e-con-inner>.elementor-widget-spacer>.elementor-widget-container>.elementor-spacer>.elementor-spacer-inner,.e-con>.elementor-widget-spacer>.elementor-widget-container>.elementor-spacer>.elementor-spacer-inner{height:var(--container-widget-height,var(--spacer-size))}.e-con-inner>.elementor-widget-spacer.elementor-widget-empty,.e-con>.elementor-widget-spacer.elementor-widget-empty{position:relative;min-height:22px;min-width:22px}.e-con-inner>.elementor-widget-spacer.elementor-widget-empty .elementor-widget-empty-icon,.e-con>.elementor-widget-spacer.elementor-widget-empty .elementor-widget-empty-icon{position:absolute;top:0;bottom:0;left:0;right:0;margin:auto;padding:0;width:22px;height:22px}<\/style>\t\t<div class=\"elementor-spacer\">\n\t\t\t<div class=\"elementor-spacer-inner\"><\/div>\n\t\t<\/div>\n\t\t\t\t<\/div>\n\t\t\t\t<\/div>\n\t\t\t\t\t<\/div>\n\t\t\t\t<\/div>\n\t\t\t\t<section class=\"elementor-section elementor-top-section elementor-element elementor-element-22b401f elementor-section-stretched elementor-section-boxed elementor-section-height-default elementor-section-height-default\" data-id=\"22b401f\" data-element_type=\"section\" data-settings=\"{&quot;stretch_section&quot;:&quot;section-stretched&quot;}\">\n\t\t\t\t\t\t<div class=\"elementor-container elementor-column-gap-default\">\n\t\t\t\t\t<div class=\"elementor-column elementor-col-33 elementor-top-column elementor-element elementor-element-701ba37\" data-id=\"701ba37\" data-element_type=\"column\">\n\t\t\t<div class=\"elementor-widget-wrap elementor-element-populated\">\n\t\t\t\t\t\t\t\t<div class=\"elementor-element elementor-element-e51d421 tx-hd-align-left elementor-invisible elementor-widget elementor-widget-avas-heading\" data-id=\"e51d421\" data-element_type=\"widget\" data-settings=\"{&quot;_animation&quot;:&quot;fadeIn&quot;,&quot;_animation_delay&quot;:200}\" data-widget_type=\"avas-heading.default\">\n\t\t\t\t<div class=\"elementor-widget-container\">\n\t\t\t        <div class=\"tx-hd-wrap\">\n\n            <div class=\"tx-hd-wm\"><\/div>\n\n            \n            <div class=\"tx-hd-sub\"><\/div>\n                        <h2 class=\"tx-hd-title\">\n                <span class=\"tx-hd-first-part\">Hakk\u0131m\u0131zda<\/span>\n                <span class=\"tx-hd-last-part\"><\/span>\n            <\/h2>    \n            \n            <div class=\"tx-hd-desc\"><p><strong>Antalya Anahtar<\/strong>, \u00e7ilingir servis sa\u011flay\u0131c\u0131l\u0131\u011f\u0131 ve Anahtarc\u0131 alan\u0131nda 1999 y\u0131l\u0131ndan g\u00fcn\u00fcm\u00fcze dayanan engin tecr\u00fcbemiz ve enerjimizle sermayemiz ile Antalya kanal mahallesinde kurulmu\u015f ve y\u00f6netilmekte olan bir \u015firkettir.<\/p><p>Firmam\u0131z \u015feffaf, \u00fcst d\u00fczey hizmet kalitesi ve kesin \u00e7\u00f6z\u00fcm temellerine dayanarak \u00e7ilingir, oto \u00e7ilingir, Anahtar Kopyalama, \u00e7ilingirci ve g\u00fcvenlik sertifikas\u0131 sat\u0131\u015f\u0131 konusunda kurumsal ve bireysel hizmetler sunmaktad\u0131r.<\/p><\/div>\n\n\n                   \n        <\/div><!-- tx-hd-wrap -->\n\n\n\n\n\n\n\n\n\t\t<\/div>\n\t\t\t\t<\/div>\n\t\t\t\t<div class=\"elementor-element elementor-element-de29e14 elementor-tabs-view-vertical elementor-invisible elementor-widget elementor-widget-tabs\" data-id=\"de29e14\" data-element_type=\"widget\" data-settings=\"{&quot;_animation&quot;:&quot;fadeIn&quot;,&quot;_animation_delay&quot;:400}\" data-widget_type=\"tabs.default\">\n\t\t\t\t<div class=\"elementor-widget-container\">\n\t\t\t<style>\/*! elementor - v3.17.0 - 01-11-2023 *\/\n.elementor-widget-tabs.elementor-tabs-view-vertical .elementor-tabs-wrapper{width:25%;flex-shrink:0}.elementor-widget-tabs.elementor-tabs-view-vertical .elementor-tab-desktop-title.elementor-active{border-right-style:none}.elementor-widget-tabs.elementor-tabs-view-vertical .elementor-tab-desktop-title.elementor-active:after,.elementor-widget-tabs.elementor-tabs-view-vertical .elementor-tab-desktop-title.elementor-active:before{height:999em;width:0;right:0;border-right-style:solid}.elementor-widget-tabs.elementor-tabs-view-vertical .elementor-tab-desktop-title.elementor-active:before{top:0;transform:translateY(-100%)}.elementor-widget-tabs.elementor-tabs-view-vertical .elementor-tab-desktop-title.elementor-active:after{top:100%}.elementor-widget-tabs.elementor-tabs-view-horizontal .elementor-tab-desktop-title{display:table-cell}.elementor-widget-tabs.elementor-tabs-view-horizontal .elementor-tab-desktop-title.elementor-active{border-bottom-style:none}.elementor-widget-tabs.elementor-tabs-view-horizontal .elementor-tab-desktop-title.elementor-active:after,.elementor-widget-tabs.elementor-tabs-view-horizontal .elementor-tab-desktop-title.elementor-active:before{bottom:0;height:0;width:999em;border-bottom-style:solid}.elementor-widget-tabs.elementor-tabs-view-horizontal .elementor-tab-desktop-title.elementor-active:before{right:100%}.elementor-widget-tabs.elementor-tabs-view-horizontal .elementor-tab-desktop-title.elementor-active:after{left:100%}.elementor-widget-tabs .elementor-tab-content,.elementor-widget-tabs .elementor-tab-title,.elementor-widget-tabs .elementor-tab-title:after,.elementor-widget-tabs .elementor-tab-title:before,.elementor-widget-tabs .elementor-tabs-content-wrapper{border:1px #d5d8dc}.elementor-widget-tabs .elementor-tabs{text-align:left}.elementor-widget-tabs .elementor-tabs-wrapper{overflow:hidden}.elementor-widget-tabs .elementor-tab-title{cursor:pointer;outline:var(--focus-outline,none)}.elementor-widget-tabs .elementor-tab-desktop-title{position:relative;padding:20px 25px;font-weight:700;line-height:1;border:solid transparent}.elementor-widget-tabs .elementor-tab-desktop-title.elementor-active{border-color:#d5d8dc}.elementor-widget-tabs .elementor-tab-desktop-title.elementor-active:after,.elementor-widget-tabs .elementor-tab-desktop-title.elementor-active:before{display:block;content:\"\";position:absolute}.elementor-widget-tabs .elementor-tab-desktop-title:focus-visible{border:1px solid #000}.elementor-widget-tabs .elementor-tab-mobile-title{padding:10px;cursor:pointer}.elementor-widget-tabs .elementor-tab-content{padding:20px;display:none}@media (max-width:767px){.elementor-tabs .elementor-tab-content,.elementor-tabs .elementor-tab-title{border-style:solid solid none}.elementor-tabs .elementor-tabs-wrapper{display:none}.elementor-tabs .elementor-tabs-content-wrapper{border-bottom-style:solid}.elementor-tabs .elementor-tab-content{padding:10px}}@media (min-width:768px){.elementor-widget-tabs.elementor-tabs-view-vertical .elementor-tabs{display:flex}.elementor-widget-tabs.elementor-tabs-view-vertical .elementor-tabs-wrapper{flex-direction:column}.elementor-widget-tabs.elementor-tabs-view-vertical .elementor-tabs-content-wrapper{flex-grow:1;border-style:solid solid solid none}.elementor-widget-tabs.elementor-tabs-view-horizontal .elementor-tab-content{border-style:none solid solid}.elementor-widget-tabs.elementor-tabs-alignment-center .elementor-tabs-wrapper,.elementor-widget-tabs.elementor-tabs-alignment-end .elementor-tabs-wrapper,.elementor-widget-tabs.elementor-tabs-alignment-stretch .elementor-tabs-wrapper{display:flex}.elementor-widget-tabs.elementor-tabs-alignment-center .elementor-tabs-wrapper{justify-content:center}.elementor-widget-tabs.elementor-tabs-alignment-end .elementor-tabs-wrapper{justify-content:flex-end}.elementor-widget-tabs.elementor-tabs-alignment-stretch.elementor-tabs-view-horizontal .elementor-tab-title{width:100%}.elementor-widget-tabs.elementor-tabs-alignment-stretch.elementor-tabs-view-vertical .elementor-tab-title{height:100%}.elementor-tabs .elementor-tab-mobile-title{display:none}}<\/style>\t\t<div class=\"elementor-tabs\">\n\t\t\t<div class=\"elementor-tabs-wrapper\" role=\"tablist\" >\n\t\t\t\t\t\t\t\t\t<div id=\"elementor-tab-title-2321\" class=\"elementor-tab-title elementor-tab-desktop-title\" aria-selected=\"true\" data-tab=\"1\" role=\"tab\" tabindex=\"0\" aria-controls=\"elementor-tab-content-2321\" aria-expanded=\"false\">Misyon<\/div>\n\t\t\t\t\t\t\t\t\t<div id=\"elementor-tab-title-2322\" class=\"elementor-tab-title elementor-tab-desktop-title\" aria-selected=\"false\" data-tab=\"2\" role=\"tab\" tabindex=\"-1\" aria-controls=\"elementor-tab-content-2322\" aria-expanded=\"false\">Vizyon<\/div>\n\t\t\t\t\t\t\t<\/div>\n\t\t\t<div class=\"elementor-tabs-content-wrapper\" role=\"tablist\" aria-orientation=\"vertical\">\n\t\t\t\t\t\t\t\t\t<div class=\"elementor-tab-title elementor-tab-mobile-title\" aria-selected=\"true\" data-tab=\"1\" role=\"tab\" tabindex=\"0\" aria-controls=\"elementor-tab-content-2321\" aria-expanded=\"false\">Misyon<\/div>\n\t\t\t\t\t<div id=\"elementor-tab-content-2321\" class=\"elementor-tab-content elementor-clearfix\" data-tab=\"1\" role=\"tabpanel\" aria-labelledby=\"elementor-tab-title-2321\" tabindex=\"0\" hidden=\"false\"><h4>Misyon\u00a0<\/h4><p>Kalitesinden \u00f6d\u00fcn vermeden m\u00fc\u015fteriye en iyi \u015fekilde hizmet vermek ve y\u00fcksek kaliteyi d\u00fc\u015f\u00fck fiyata \u00fcreterek m\u00fc\u015fteri memnuniyetini en \u00fcst seviyede tutmak.<\/p><\/div>\n\t\t\t\t\t\t\t\t\t<div class=\"elementor-tab-title elementor-tab-mobile-title\" aria-selected=\"false\" data-tab=\"2\" role=\"tab\" tabindex=\"-1\" aria-controls=\"elementor-tab-content-2322\" aria-expanded=\"false\">Vizyon<\/div>\n\t\t\t\t\t<div id=\"elementor-tab-content-2322\" class=\"elementor-tab-content elementor-clearfix\" data-tab=\"2\" role=\"tabpanel\" aria-labelledby=\"elementor-tab-title-2322\" tabindex=\"0\" hidden=\"hidden\"><p>Yenilikleri takip ederek, \u00e7al\u0131\u015fanlar\u0131n\u0131n e\u011fitimini de sa\u011flayarak anahtar<br \/>sekt\u00f6r\u00fcnde lider olmak<\/p><\/div>\n\t\t\t\t\t\t\t<\/div>\n\t\t<\/div>\n\t\t\t\t<\/div>\n\t\t\t\t<\/div>\n\t\t\t\t\t<\/div>\n\t\t<\/div>\n\t\t\t\t<div class=\"elementor-column elementor-col-33 elementor-top-column elementor-element elementor-element-bae95a4\" data-id=\"bae95a4\" data-element_type=\"column\">\n\t\t\t<div class=\"elementor-widget-wrap\">\n\t\t\t\t\t\t\t\t\t<\/div>\n\t\t<\/div>\n\t\t\t\t<div class=\"elementor-column elementor-col-33 elementor-top-column elementor-element elementor-element-21024cd\" data-id=\"21024cd\" data-element_type=\"column\">\n\t\t\t<div class=\"elementor-widget-wrap elementor-element-populated\">\n\t\t\t\t\t\t\t\t<div class=\"elementor-element elementor-element-2cb8b5d elementor-invisible elementor-widget elementor-widget-image\" data-id=\"2cb8b5d\" data-element_type=\"widget\" data-settings=\"{&quot;_animation&quot;:&quot;fadeInRight&quot;}\" data-widget_type=\"image.default\">\n\t\t\t\t<div class=\"elementor-widget-container\">\n\t\t\t<style>\/*! elementor - v3.17.0 - 01-11-2023 *\/\n.elementor-widget-image{text-align:center}.elementor-widget-image a{display:inline-block}.elementor-widget-image a img[src$=\".svg\"]{width:48px}.elementor-widget-image img{vertical-align:middle;display:inline-block}<\/style>\t\t\t\t\t\t\t\t\t\t\t\t<img fetchpriority=\"high\" decoding=\"async\" width=\"2560\" height=\"1707\" src=\"https:\/\/07antalyacilingir.com\/wp-content\/uploads\/2023\/11\/kepez-cilingir-antalya-cilingirci-scaled.jpg\" class=\"attachment-full size-full wp-image-999\" alt=\"\" srcset=\"https:\/\/07antalyacilingir.com\/wp-content\/uploads\/2023\/11\/kepez-cilingir-antalya-cilingirci-scaled.jpg 2560w, https:\/\/07antalyacilingir.com\/wp-content\/uploads\/2023\/11\/kepez-cilingir-antalya-cilingirci-300x200.jpg 300w, https:\/\/07antalyacilingir.com\/wp-content\/uploads\/2023\/11\/kepez-cilingir-antalya-cilingirci-1024x683.jpg 1024w, https:\/\/07antalyacilingir.com\/wp-content\/uploads\/2023\/11\/kepez-cilingir-antalya-cilingirci-768x512.jpg 768w, https:\/\/07antalyacilingir.com\/wp-content\/uploads\/2023\/11\/kepez-cilingir-antalya-cilingirci-1536x1024.jpg 1536w, https:\/\/07antalyacilingir.com\/wp-content\/uploads\/2023\/11\/kepez-cilingir-antalya-cilingirci-2048x1365.jpg 2048w, https:\/\/07antalyacilingir.com\/wp-content\/uploads\/2023\/11\/kepez-cilingir-antalya-cilingirci-150x100.jpg 150w, https:\/\/07antalyacilingir.com\/wp-content\/uploads\/2023\/11\/kepez-cilingir-antalya-cilingirci-80x53.jpg 80w, https:\/\/07antalyacilingir.com\/wp-content\/uploads\/2023\/11\/kepez-cilingir-antalya-cilingirci-360x240.jpg 360w, https:\/\/07antalyacilingir.com\/wp-content\/uploads\/2023\/11\/kepez-cilingir-antalya-cilingirci-373x249.jpg 373w, https:\/\/07antalyacilingir.com\/wp-content\/uploads\/2023\/11\/kepez-cilingir-antalya-cilingirci-620x413.jpg 620w, https:\/\/07antalyacilingir.com\/wp-content\/uploads\/2023\/11\/kepez-cilingir-antalya-cilingirci-460x307.jpg 460w, https:\/\/07antalyacilingir.com\/wp-content\/uploads\/2023\/11\/kepez-cilingir-antalya-cilingirci-365x243.jpg 365w\" sizes=\"(max-width: 2560px) 100vw, 2560px\" \/>\t\t\t\t\t\t\t\t\t\t\t\t\t\t\t<\/div>\n\t\t\t\t<\/div>\n\t\t\t\t\t<\/div>\n\t\t<\/div>\n\t\t\t\t\t\t\t<\/div>\n\t\t<\/section>\n\t\t<div class=\"elementor-element elementor-element-36b175a e-flex e-con-boxed e-con e-parent\" data-id=\"36b175a\" data-element_type=\"container\" data-settings=\"{&quot;content_width&quot;:&quot;boxed&quot;}\" data-core-v316-plus=\"true\">\n\t\t\t\t\t<div class=\"e-con-inner\">\n\t\t\t\t<div class=\"elementor-element elementor-element-aeba9c6 elementor-widget elementor-widget-spacer\" data-id=\"aeba9c6\" data-element_type=\"widget\" data-widget_type=\"spacer.default\">\n\t\t\t\t<div class=\"elementor-widget-container\">\n\t\t\t\t\t<div class=\"elementor-spacer\">\n\t\t\t<div class=\"elementor-spacer-inner\"><\/div>\n\t\t<\/div>\n\t\t\t\t<\/div>\n\t\t\t\t<\/div>\n\t\t\t\t\t<\/div>\n\t\t\t\t<\/div>\n\t\t\t\t\t\t\t<\/div>\n\t\t","protected":false},"excerpt":{"rendered":"<p class=\"tx-excerpt\">Hakk\u0131m\u0131zda Antalya Anahtar, \u00e7ilingir servis sa\u011flay\u0131c\u0131l\u0131\u011f\u0131 ve Anahtarc\u0131 alan\u0131nda 1999 y\u0131l\u0131ndan g\u00fcn\u00fcm\u00fcze dayanan engin tecr\u00fcbemiz ve enerjimizle sermayemiz","protected":false},"author":1,"featured_media":0,"parent":0,"menu_order":0,"comment_status":"closed","ping_status":"closed","template":"templates\/blank.php","meta":{"footnotes":""},"yoast_head":"<!-- This site is optimized with the Yoast SEO plugin v21.5 - https:\/\/yoast.com\/wordpress\/plugins\/seo\/ -->\n<title>Hakk\u0131m\u0131zda - Antalya cilingir<\/title>\n<meta name=\"robots\" content=\"index, follow, max-snippet:-1, max-image-preview:large, max-video-preview:-1\" \/>\n<link rel=\"canonical\" href=\"https:\/\/07antalyacilingir.com\/index.php\/hakkimizda\/\" \/>\n<meta property=\"og:locale\" content=\"en_US\" \/>\n<meta property=\"og:type\" content=\"article\" \/>\n<meta property=\"og:title\" content=\"Hakk\u0131m\u0131zda - Antalya cilingir\" \/>\n<meta property=\"og:description\" content=\"Hakk\u0131m\u0131zda Antalya Anahtar, \u00e7ilingir servis sa\u011flay\u0131c\u0131l\u0131\u011f\u0131 ve Anahtarc\u0131 alan\u0131nda 1999 y\u0131l\u0131ndan g\u00fcn\u00fcm\u00fcze dayanan engin tecr\u00fcbemiz ve enerjimizle sermayemiz ile Antalya kanal mahallesinde kurulmu\u015f ve y\u00f6netilmekte olan bir \u015firkettir. Firmam\u0131z \u015feffaf, \u00fcst d\u00fczey hizmet kalitesi ve kesin \u00e7\u00f6z\u00fcm temellerine dayanarak \u00e7ilingir, oto \u00e7ilingir, Anahtar Kopyalama, \u00e7ilingirci ve g\u00fcvenlik sertifikas\u0131 sat\u0131\u015f\u0131 konusunda kurumsal ve bireysel hizmetler sunmaktad\u0131r. [&hellip;]\" \/>\n<meta property=\"og:url\" content=\"https:\/\/07antalyacilingir.com\/index.php\/hakkimizda\/\" \/>\n<meta property=\"og:site_name\" content=\"Antalya cilingir\" \/>\n<meta property=\"article:modified_time\" content=\"2023-11-08T01:05:37+00:00\" \/>\n<meta property=\"og:image\" content=\"https:\/\/07antalyacilingir.com\/wp-content\/uploads\/2023\/11\/kepez-cilingir-antalya-cilingirci-scaled.jpg\" \/>\n<meta name=\"twitter:card\" content=\"summary_large_image\" \/>\n<meta name=\"twitter:label1\" content=\"Est. reading time\" \/>\n\t<meta name=\"twitter:data1\" content=\"1 minute\" \/>\n<script type=\"application\/ld+json\" class=\"yoast-schema-graph\">{\"@context\":\"https:\/\/schema.org\",\"@graph\":[{\"@type\":\"WebPage\",\"@id\":\"https:\/\/07antalyacilingir.com\/index.php\/hakkimizda\/\",\"url\":\"https:\/\/07antalyacilingir.com\/index.php\/hakkimizda\/\",\"name\":\"Hakk\u0131m\u0131zda - Antalya cilingir\",\"isPartOf\":{\"@id\":\"https:\/\/07antalyacilingir.com\/#website\"},\"datePublished\":\"2020-11-13T16:17:51+00:00\",\"dateModified\":\"2023-11-08T01:05:37+00:00\",\"breadcrumb\":{\"@id\":\"https:\/\/07antalyacilingir.com\/index.php\/hakkimizda\/#breadcrumb\"},\"inLanguage\":\"en-US\",\"potentialAction\":[{\"@type\":\"ReadAction\",\"target\":[\"https:\/\/07antalyacilingir.com\/index.php\/hakkimizda\/\"]}]},{\"@type\":\"BreadcrumbList\",\"@id\":\"https:\/\/07antalyacilingir.com\/index.php\/hakkimizda\/#breadcrumb\",\"itemListElement\":[{\"@type\":\"ListItem\",\"position\":1,\"name\":\"Anasayfa\",\"item\":\"https:\/\/07antalyacilingir.com\/\"},{\"@type\":\"ListItem\",\"position\":2,\"name\":\"Hakk\u0131m\u0131zda\"}]},{\"@type\":\"WebSite\",\"@id\":\"https:\/\/07antalyacilingir.com\/#website\",\"url\":\"https:\/\/07antalyacilingir.com\/\",\"name\":\"Antalya cilingir\",\"description\":\"\",\"publisher\":{\"@id\":\"https:\/\/07antalyacilingir.com\/#organization\"},\"potentialAction\":[{\"@type\":\"SearchAction\",\"target\":{\"@type\":\"EntryPoint\",\"urlTemplate\":\"https:\/\/07antalyacilingir.com\/?s={search_term_string}\"},\"query-input\":\"required name=search_term_string\"}],\"inLanguage\":\"en-US\"},{\"@type\":\"Organization\",\"@id\":\"https:\/\/07antalyacilingir.com\/#organization\",\"name\":\"Antalya \u00e7ilingir\",\"alternateName\":\"ev anahtar \u00e7ilingir oto \u00e7ilingir hizmeti\",\"url\":\"https:\/\/07antalyacilingir.com\/\",\"logo\":{\"@type\":\"ImageObject\",\"inLanguage\":\"en-US\",\"@id\":\"https:\/\/07antalyacilingir.com\/#\/schema\/logo\/image\/\",\"url\":\"https:\/\/07antalyacilingir.com\/wp-content\/uploads\/2023\/11\/Basliksiz-8.png\",\"contentUrl\":\"https:\/\/07antalyacilingir.com\/wp-content\/uploads\/2023\/11\/Basliksiz-8.png\",\"width\":239,\"height\":35,\"caption\":\"Antalya \u00e7ilingir\"},\"image\":{\"@id\":\"https:\/\/07antalyacilingir.com\/#\/schema\/logo\/image\/\"}}]}<\/script>\n<!-- \/ Yoast SEO plugin. -->","yoast_head_json":{"title":"Hakk\u0131m\u0131zda - Antalya cilingir","robots":{"index":"index","follow":"follow","max-snippet":"max-snippet:-1","max-image-preview":"max-image-preview:large","max-video-preview":"max-video-preview:-1"},"canonical":"https:\/\/07antalyacilingir.com\/index.php\/hakkimizda\/","og_locale":"en_US","og_type":"article","og_title":"Hakk\u0131m\u0131zda - Antalya cilingir","og_description":"Hakk\u0131m\u0131zda Antalya Anahtar, \u00e7ilingir servis sa\u011flay\u0131c\u0131l\u0131\u011f\u0131 ve Anahtarc\u0131 alan\u0131nda 1999 y\u0131l\u0131ndan g\u00fcn\u00fcm\u00fcze dayanan engin tecr\u00fcbemiz ve enerjimizle sermayemiz ile Antalya kanal mahallesinde kurulmu\u015f ve y\u00f6netilmekte olan bir \u015firkettir. Firmam\u0131z \u015feffaf, \u00fcst d\u00fczey hizmet kalitesi ve kesin \u00e7\u00f6z\u00fcm temellerine dayanarak \u00e7ilingir, oto \u00e7ilingir, Anahtar Kopyalama, \u00e7ilingirci ve g\u00fcvenlik sertifikas\u0131 sat\u0131\u015f\u0131 konusunda kurumsal ve bireysel hizmetler sunmaktad\u0131r. [&hellip;]","og_url":"https:\/\/07antalyacilingir.com\/index.php\/hakkimizda\/","og_site_name":"Antalya cilingir","article_modified_time":"2023-11-08T01:05:37+00:00","og_image":[{"url":"https:\/\/07antalyacilingir.com\/wp-content\/uploads\/2023\/11\/kepez-cilingir-antalya-cilingirci-scaled.jpg"}],"twitter_card":"summary_large_image","twitter_misc":{"Est. reading time":"1 minute"},"schema":{"@context":"https:\/\/schema.org","@graph":[{"@type":"WebPage","@id":"https:\/\/07antalyacilingir.com\/index.php\/hakkimizda\/","url":"https:\/\/07antalyacilingir.com\/index.php\/hakkimizda\/","name":"Hakk\u0131m\u0131zda - Antalya cilingir","isPartOf":{"@id":"https:\/\/07antalyacilingir.com\/#website"},"datePublished":"2020-11-13T16:17:51+00:00","dateModified":"2023-11-08T01:05:37+00:00","breadcrumb":{"@id":"https:\/\/07antalyacilingir.com\/index.php\/hakkimizda\/#breadcrumb"},"inLanguage":"en-US","potentialAction":[{"@type":"ReadAction","target":["https:\/\/07antalyacilingir.com\/index.php\/hakkimizda\/"]}]},{"@type":"BreadcrumbList","@id":"https:\/\/07antalyacilingir.com\/index.php\/hakkimizda\/#breadcrumb","itemListElement":[{"@type":"ListItem","position":1,"name":"Anasayfa","item":"https:\/\/07antalyacilingir.com\/"},{"@type":"ListItem","position":2,"name":"Hakk\u0131m\u0131zda"}]},{"@type":"WebSite","@id":"https:\/\/07antalyacilingir.com\/#website","url":"https:\/\/07antalyacilingir.com\/","name":"Antalya cilingir","description":"","publisher":{"@id":"https:\/\/07antalyacilingir.com\/#organization"},"potentialAction":[{"@type":"SearchAction","target":{"@type":"EntryPoint","urlTemplate":"https:\/\/07antalyacilingir.com\/?s={search_term_string}"},"query-input":"required name=search_term_string"}],"inLanguage":"en-US"},{"@type":"Organization","@id":"https:\/\/07antalyacilingir.com\/#organization","name":"Antalya \u00e7ilingir","alternateName":"ev anahtar \u00e7ilingir oto \u00e7ilingir hizmeti","url":"https:\/\/07antalyacilingir.com\/","logo":{"@type":"ImageObject","inLanguage":"en-US","@id":"https:\/\/07antalyacilingir.com\/#\/schema\/logo\/image\/","url":"https:\/\/07antalyacilingir.com\/wp-content\/uploads\/2023\/11\/Basliksiz-8.png","contentUrl":"https:\/\/07antalyacilingir.com\/wp-content\/uploads\/2023\/11\/Basliksiz-8.png","width":239,"height":35,"caption":"Antalya \u00e7ilingir"},"image":{"@id":"https:\/\/07antalyacilingir.com\/#\/schema\/logo\/image\/"}}]}},"_links":{"self":[{"href":"https:\/\/07antalyacilingir.com\/index.php\/wp-json\/wp\/v2\/pages\/17"}],"collection":[{"href":"https:\/\/07antalyacilingir.com\/index.php\/wp-json\/wp\/v2\/pages"}],"about":[{"href":"https:\/\/07antalyacilingir.com\/index.php\/wp-json\/wp\/v2\/types\/page"}],"author":[{"embeddable":true,"href":"https:\/\/07antalyacilingir.com\/index.php\/wp-json\/wp\/v2\/users\/1"}],"replies":[{"embeddable":true,"href":"https:\/\/07antalyacilingir.com\/index.php\/wp-json\/wp\/v2\/comments?post=17"}],"version-history":[{"count":9,"href":"https:\/\/07antalyacilingir.com\/index.php\/wp-json\/wp\/v2\/pages\/17\/revisions"}],"predecessor-version":[{"id":1243,"href":"https:\/\/07antalyacilingir.com\/index.php\/wp-json\/wp\/v2\/pages\/17\/revisions\/1243"}],"wp:attachment":[{"href":"https:\/\/07antalyacilingir.com\/index.php\/wp-json\/wp\/v2\/media?parent=17"}],"curies":[{"name":"wp","href":"https:\/\/api.w.org\/{rel}","templated":true}]}}