{"id":22,"date":"2020-11-13T16:18:32","date_gmt":"2020-11-13T16:18:32","guid":{"rendered":"https:\/\/x-theme.net\/avas-mechanic\/?page_id=22"},"modified":"2023-11-08T04:03:09","modified_gmt":"2023-11-08T01:03:09","slug":"news","status":"publish","type":"page","link":"https:\/\/07antalyacilingir.com\/index.php\/news\/","title":{"rendered":"Blog"},"content":{"rendered":"","protected":false},"excerpt":{"rendered":"<p class=\"tx-excerpt\"><\/p>","protected":false},"author":1,"featured_media":0,"parent":0,"menu_order":0,"comment_status":"closed","ping_status":"closed","template":"templates\/blog-two-columns.php","meta":{"footnotes":""},"yoast_head":"<!-- This site is optimized with the Yoast SEO plugin v21.5 - https:\/\/yoast.com\/wordpress\/plugins\/seo\/ -->\n<title>Blog - Antalya cilingir<\/title>\n<meta name=\"robots\" content=\"index, follow, max-snippet:-1, max-image-preview:large, max-video-preview:-1\" \/>\n<link rel=\"canonical\" href=\"https:\/\/07antalyacilingir.com\/index.php\/news\/\" \/>\n<meta property=\"og:locale\" content=\"en_US\" \/>\n<meta property=\"og:type\" content=\"article\" \/>\n<meta property=\"og:title\" content=\"Blog - Antalya cilingir\" \/>\n<meta property=\"og:url\" content=\"https:\/\/07antalyacilingir.com\/index.php\/news\/\" \/>\n<meta property=\"og:site_name\" content=\"Antalya cilingir\" \/>\n<meta property=\"article:modified_time\" content=\"2023-11-08T01:03:09+00:00\" \/>\n<meta name=\"twitter:card\" content=\"summary_large_image\" \/>\n<script type=\"application\/ld+json\" class=\"yoast-schema-graph\">{\"@context\":\"https:\/\/schema.org\",\"@graph\":[{\"@type\":\"WebPage\",\"@id\":\"https:\/\/07antalyacilingir.com\/index.php\/news\/\",\"url\":\"https:\/\/07antalyacilingir.com\/index.php\/news\/\",\"name\":\"Blog - Antalya cilingir\",\"isPartOf\":{\"@id\":\"https:\/\/07antalyacilingir.com\/#website\"},\"datePublished\":\"2020-11-13T16:18:32+00:00\",\"dateModified\":\"2023-11-08T01:03:09+00:00\",\"breadcrumb\":{\"@id\":\"https:\/\/07antalyacilingir.com\/index.php\/news\/#breadcrumb\"},\"inLanguage\":\"en-US\",\"potentialAction\":[{\"@type\":\"ReadAction\",\"target\":[\"https:\/\/07antalyacilingir.com\/index.php\/news\/\"]}]},{\"@type\":\"BreadcrumbList\",\"@id\":\"https:\/\/07antalyacilingir.com\/index.php\/news\/#breadcrumb\",\"itemListElement\":[{\"@type\":\"ListItem\",\"position\":1,\"name\":\"Anasayfa\",\"item\":\"https:\/\/07antalyacilingir.com\/\"},{\"@type\":\"ListItem\",\"position\":2,\"name\":\"Blog\"}]},{\"@type\":\"WebSite\",\"@id\":\"https:\/\/07antalyacilingir.com\/#website\",\"url\":\"https:\/\/07antalyacilingir.com\/\",\"name\":\"Antalya cilingir\",\"description\":\"\",\"publisher\":{\"@id\":\"https:\/\/07antalyacilingir.com\/#organization\"},\"potentialAction\":[{\"@type\":\"SearchAction\",\"target\":{\"@type\":\"EntryPoint\",\"urlTemplate\":\"https:\/\/07antalyacilingir.com\/?s={search_term_string}\"},\"query-input\":\"required name=search_term_string\"}],\"inLanguage\":\"en-US\"},{\"@type\":\"Organization\",\"@id\":\"https:\/\/07antalyacilingir.com\/#organization\",\"name\":\"Antalya \u00e7ilingir\",\"alternateName\":\"ev anahtar \u00e7ilingir oto \u00e7ilingir hizmeti\",\"url\":\"https:\/\/07antalyacilingir.com\/\",\"logo\":{\"@type\":\"ImageObject\",\"inLanguage\":\"en-US\",\"@id\":\"https:\/\/07antalyacilingir.com\/#\/schema\/logo\/image\/\",\"url\":\"https:\/\/07antalyacilingir.com\/wp-content\/uploads\/2023\/11\/Basliksiz-8.png\",\"contentUrl\":\"https:\/\/07antalyacilingir.com\/wp-content\/uploads\/2023\/11\/Basliksiz-8.png\",\"width\":239,\"height\":35,\"caption\":\"Antalya \u00e7ilingir\"},\"image\":{\"@id\":\"https:\/\/07antalyacilingir.com\/#\/schema\/logo\/image\/\"}}]}<\/script>\n<!-- \/ Yoast SEO plugin. -->","yoast_head_json":{"title":"Blog - Antalya cilingir","robots":{"index":"index","follow":"follow","max-snippet":"max-snippet:-1","max-image-preview":"max-image-preview:large","max-video-preview":"max-video-preview:-1"},"canonical":"https:\/\/07antalyacilingir.com\/index.php\/news\/","og_locale":"en_US","og_type":"article","og_title":"Blog - Antalya cilingir","og_url":"https:\/\/07antalyacilingir.com\/index.php\/news\/","og_site_name":"Antalya cilingir","article_modified_time":"2023-11-08T01:03:09+00:00","twitter_card":"summary_large_image","schema":{"@context":"https:\/\/schema.org","@graph":[{"@type":"WebPage","@id":"https:\/\/07antalyacilingir.com\/index.php\/news\/","url":"https:\/\/07antalyacilingir.com\/index.php\/news\/","name":"Blog - Antalya cilingir","isPartOf":{"@id":"https:\/\/07antalyacilingir.com\/#website"},"datePublished":"2020-11-13T16:18:32+00:00","dateModified":"2023-11-08T01:03:09+00:00","breadcrumb":{"@id":"https:\/\/07antalyacilingir.com\/index.php\/news\/#breadcrumb"},"inLanguage":"en-US","potentialAction":[{"@type":"ReadAction","target":["https:\/\/07antalyacilingir.com\/index.php\/news\/"]}]},{"@type":"BreadcrumbList","@id":"https:\/\/07antalyacilingir.com\/index.php\/news\/#breadcrumb","itemListElement":[{"@type":"ListItem","position":1,"name":"Anasayfa","item":"https:\/\/07antalyacilingir.com\/"},{"@type":"ListItem","position":2,"name":"Blog"}]},{"@type":"WebSite","@id":"https:\/\/07antalyacilingir.com\/#website","url":"https:\/\/07antalyacilingir.com\/","name":"Antalya cilingir","description":"","publisher":{"@id":"https:\/\/07antalyacilingir.com\/#organization"},"potentialAction":[{"@type":"SearchAction","target":{"@type":"EntryPoint","urlTemplate":"https:\/\/07antalyacilingir.com\/?s={search_term_string}"},"query-input":"required name=search_term_string"}],"inLanguage":"en-US"},{"@type":"Organization","@id":"https:\/\/07antalyacilingir.com\/#organization","name":"Antalya \u00e7ilingir","alternateName":"ev anahtar \u00e7ilingir oto \u00e7ilingir hizmeti","url":"https:\/\/07antalyacilingir.com\/","logo":{"@type":"ImageObject","inLanguage":"en-US","@id":"https:\/\/07antalyacilingir.com\/#\/schema\/logo\/image\/","url":"https:\/\/07antalyacilingir.com\/wp-content\/uploads\/2023\/11\/Basliksiz-8.png","contentUrl":"https:\/\/07antalyacilingir.com\/wp-content\/uploads\/2023\/11\/Basliksiz-8.png","width":239,"height":35,"caption":"Antalya \u00e7ilingir"},"image":{"@id":"https:\/\/07antalyacilingir.com\/#\/schema\/logo\/image\/"}}]}},"_links":{"self":[{"href":"https:\/\/07antalyacilingir.com\/index.php\/wp-json\/wp\/v2\/pages\/22"}],"collection":[{"href":"https:\/\/07antalyacilingir.com\/index.php\/wp-json\/wp\/v2\/pages"}],"about":[{"href":"https:\/\/07antalyacilingir.com\/index.php\/wp-json\/wp\/v2\/types\/page"}],"author":[{"embeddable":true,"href":"https:\/\/07antalyacilingir.com\/index.php\/wp-json\/wp\/v2\/users\/1"}],"replies":[{"embeddable":true,"href":"https:\/\/07antalyacilingir.com\/index.php\/wp-json\/wp\/v2\/comments?post=22"}],"version-history":[{"count":1,"href":"https:\/\/07antalyacilingir.com\/index.php\/wp-json\/wp\/v2\/pages\/22\/revisions"}],"predecessor-version":[{"id":1236,"href":"https:\/\/07antalyacilingir.com\/index.php\/wp-json\/wp\/v2\/pages\/22\/revisions\/1236"}],"wp:attachment":[{"href":"https:\/\/07antalyacilingir.com\/index.php\/wp-json\/wp\/v2\/media?parent=22"}],"curies":[{"name":"wp","href":"https:\/\/api.w.org\/{rel}","templated":true}]}}