{"id":23,"date":"2020-11-13T16:18:37","date_gmt":"2020-11-13T16:18:37","guid":{"rendered":"https:\/\/x-theme.net\/avas-mechanic\/?page_id=23"},"modified":"2023-11-08T04:08:32","modified_gmt":"2023-11-08T01:08:32","slug":"iletisim","status":"publish","type":"page","link":"https:\/\/07antalyacilingir.com\/index.php\/iletisim\/","title":{"rendered":"\u0130leti\u015fim"},"content":{"rendered":"\t\t<div data-elementor-type=\"wp-page\" data-elementor-id=\"23\" class=\"elementor elementor-23\">\n\t\t\t\t\t\t\t\t\t<section class=\"elementor-section elementor-top-section elementor-element elementor-element-5b80672 elementor-section-stretched elementor-section-boxed elementor-section-height-default elementor-section-height-default\" data-id=\"5b80672\" data-element_type=\"section\" data-settings=\"{&quot;stretch_section&quot;:&quot;section-stretched&quot;}\">\n\t\t\t\t\t\t<div class=\"elementor-container elementor-column-gap-default\">\n\t\t\t\t\t<div class=\"elementor-column elementor-col-33 elementor-top-column elementor-element elementor-element-6c5a95a\" data-id=\"6c5a95a\" data-element_type=\"column\">\n\t\t\t<div class=\"elementor-widget-wrap elementor-element-populated\">\n\t\t\t\t\t\t\t\t<div class=\"elementor-element elementor-element-ed3b66a elementor-invisible elementor-widget elementor-widget-avas-icon-box\" data-id=\"ed3b66a\" data-element_type=\"widget\" data-settings=\"{&quot;_animation&quot;:&quot;fadeIn&quot;,&quot;_animation_delay&quot;:200}\" data-widget_type=\"avas-icon-box.default\">\n\t\t\t\t<div class=\"elementor-widget-container\">\n\t\t\t\t\n\t\t<div class=\"tx-icon-box-wrap style-1 center\">\n\n\t\t\t<div class=\"tx-icon-box-icon\">\n\t\t\t\t<i aria-hidden=\"true\" class=\"far fa-paper-plane\"><\/i>\n\t\t\t\t\n\t\t\t<\/div><!-- tx-icon-box-icon -->\n\n\t\t\t<div class=\"tx-icon-box-content-wrap\">\n\n\t\t\t\t\t\t\t\t\t\t\t\t<h4 class=\"tx-icon-box-title\">\n\t\t\t\tAdres\t\t\t\t<\/h4>\n\t\t\t\t\t\t\t\t\n\t\t\t\t<div class=\"tx-icon-box-desc\"><p>Kanal, Yasemin Cd., 07080 Kepez\/Antalya<\/p><\/div>\n\t\t\t\t\t\t\t<\/div><!-- tx-icon-box-content-wrap -->\n\n\t\t<\/div><!-- tx-icon-box-wrap -->\n\n\t\t<\/div>\n\t\t\t\t<\/div>\n\t\t\t\t<div class=\"elementor-element elementor-element-e40732e elementor-invisible elementor-widget elementor-widget-avas-icon-box\" data-id=\"e40732e\" data-element_type=\"widget\" data-settings=\"{&quot;_animation&quot;:&quot;fadeIn&quot;,&quot;_animation_delay&quot;:400}\" data-widget_type=\"avas-icon-box.default\">\n\t\t\t\t<div class=\"elementor-widget-container\">\n\t\t\t\t\n\t\t<div class=\"tx-icon-box-wrap style-1 center\">\n\n\t\t\t<div class=\"tx-icon-box-icon\">\n\t\t\t\t<i aria-hidden=\"true\" class=\"far fa-envelope\"><\/i>\n\t\t\t\t\n\t\t\t<\/div><!-- tx-icon-box-icon -->\n\n\t\t\t<div class=\"tx-icon-box-content-wrap\">\n\n\t\t\t\t\t\t\t\t\t\t\t\t<h4 class=\"tx-icon-box-title\">\n\t\t\t\tE-Mail\t\t\t\t<\/h4>\n\t\t\t\t\t\t\t\t\n\t\t\t\t<div class=\"tx-icon-box-desc\"><p>info@07antalyacilingir.com<\/p><\/div>\n\t\t\t\t\t\t\t<\/div><!-- tx-icon-box-content-wrap -->\n\n\t\t<\/div><!-- tx-icon-box-wrap -->\n\n\t\t<\/div>\n\t\t\t\t<\/div>\n\t\t\t\t\t<\/div>\n\t\t<\/div>\n\t\t\t\t<div class=\"elementor-column elementor-col-33 elementor-top-column elementor-element elementor-element-2875bb4\" data-id=\"2875bb4\" data-element_type=\"column\">\n\t\t\t<div class=\"elementor-widget-wrap elementor-element-populated\">\n\t\t\t\t\t\t\t\t<div class=\"elementor-element elementor-element-3ebe152 elementor-invisible elementor-widget elementor-widget-avas-icon-box\" data-id=\"3ebe152\" data-element_type=\"widget\" data-settings=\"{&quot;_animation&quot;:&quot;fadeIn&quot;,&quot;_animation_delay&quot;:500}\" data-widget_type=\"avas-icon-box.default\">\n\t\t\t\t<div class=\"elementor-widget-container\">\n\t\t\t\t\n\t\t<div class=\"tx-icon-box-wrap style-1 center\">\n\n\t\t\t<div class=\"tx-icon-box-icon\">\n\t\t\t\t<i aria-hidden=\"true\" class=\"far fa-clock\"><\/i>\n\t\t\t\t\n\t\t\t<\/div><!-- tx-icon-box-icon -->\n\n\t\t\t<div class=\"tx-icon-box-content-wrap\">\n\n\t\t\t\t\t\t\t\t\t\t\t\t<h4 class=\"tx-icon-box-title\">\n\t\t\t\t\u00c7al\u0131\u015fma Saati:\t\t\t\t<\/h4>\n\t\t\t\t\t\t\t\t\n\t\t\t\t<div class=\"tx-icon-box-desc\"><p>7\/24<\/p><\/div>\n\t\t\t\t\t\t\t<\/div><!-- tx-icon-box-content-wrap -->\n\n\t\t<\/div><!-- tx-icon-box-wrap -->\n\n\t\t<\/div>\n\t\t\t\t<\/div>\n\t\t\t\t<div class=\"elementor-element elementor-element-742cb0f elementor-invisible elementor-widget elementor-widget-avas-icon-box\" data-id=\"742cb0f\" data-element_type=\"widget\" data-settings=\"{&quot;_animation&quot;:&quot;fadeIn&quot;,&quot;_animation_delay&quot;:300}\" data-widget_type=\"avas-icon-box.default\">\n\t\t\t\t<div class=\"elementor-widget-container\">\n\t\t\t\t\n\t\t<div class=\"tx-icon-box-wrap style-1 center\">\n\n\t\t\t<div class=\"tx-icon-box-icon\">\n\t\t\t\t<i aria-hidden=\"true\" class=\"fas fa-phone\"><\/i>\n\t\t\t\t\n\t\t\t<\/div><!-- tx-icon-box-icon -->\n\n\t\t\t<div class=\"tx-icon-box-content-wrap\">\n\n\t\t\t\t\t\t\t\t\t\t\t\t<h4 class=\"tx-icon-box-title\">\n\t\t\t\tTelefon\t\t\t\t<\/h4>\n\t\t\t\t\t\t\t\t\n\t\t\t\t<div class=\"tx-icon-box-desc\"><p>+90 505 931 16 69<\/p><\/div>\n\t\t\t\t\t\t\t<\/div><!-- tx-icon-box-content-wrap -->\n\n\t\t<\/div><!-- tx-icon-box-wrap -->\n\n\t\t<\/div>\n\t\t\t\t<\/div>\n\t\t\t\t\t<\/div>\n\t\t<\/div>\n\t\t\t\t<div class=\"elementor-column elementor-col-33 elementor-top-column elementor-element elementor-element-865909d\" data-id=\"865909d\" data-element_type=\"column\">\n\t\t\t<div class=\"elementor-widget-wrap\">\n\t\t\t\t\t\t\t\t\t<\/div>\n\t\t<\/div>\n\t\t\t\t\t\t\t<\/div>\n\t\t<\/section>\n\t\t\t\t<section class=\"elementor-section elementor-top-section elementor-element elementor-element-dfb4a2a elementor-section-full_width elementor-section-stretched elementor-section-height-default elementor-section-height-default elementor-invisible\" data-id=\"dfb4a2a\" data-element_type=\"section\" data-settings=\"{&quot;stretch_section&quot;:&quot;section-stretched&quot;,&quot;animation&quot;:&quot;fadeIn&quot;}\">\n\t\t\t\t\t\t<div class=\"elementor-container elementor-column-gap-no\">\n\t\t\t\t\t<div class=\"elementor-column elementor-col-100 elementor-top-column elementor-element elementor-element-8c41f66\" data-id=\"8c41f66\" data-element_type=\"column\">\n\t\t\t<div class=\"elementor-widget-wrap elementor-element-populated\">\n\t\t\t\t\t\t\t\t<div class=\"elementor-element elementor-element-e475100 elementor-widget elementor-widget-google_maps\" data-id=\"e475100\" data-element_type=\"widget\" data-widget_type=\"google_maps.default\">\n\t\t\t\t<div class=\"elementor-widget-container\">\n\t\t\t<style>\/*! elementor - v3.17.0 - 01-11-2023 *\/\n.elementor-widget-google_maps .elementor-widget-container{overflow:hidden}.elementor-widget-google_maps .elementor-custom-embed{line-height:0}.elementor-widget-google_maps iframe{height:300px}<\/style>\t\t<div class=\"elementor-custom-embed\">\n\t\t\t<iframe loading=\"lazy\"\n\t\t\t\t\tsrc=\"https:\/\/maps.google.com\/maps?q=Kepez%20ucuzluk%20pazar%C4%B1&#038;t=m&#038;z=16&#038;output=embed&#038;iwloc=near\"\n\t\t\t\t\ttitle=\"Kepez ucuzluk pazar\u0131\"\n\t\t\t\t\taria-label=\"Kepez ucuzluk pazar\u0131\"\n\t\t\t><\/iframe>\n\t\t<\/div>\n\t\t\t\t<\/div>\n\t\t\t\t<\/div>\n\t\t\t\t\t<\/div>\n\t\t<\/div>\n\t\t\t\t\t\t\t<\/div>\n\t\t<\/section>\n\t\t\t\t\t\t\t<\/div>\n\t\t","protected":false},"excerpt":{"rendered":"<p class=\"tx-excerpt\">Adres Kanal, Yasemin Cd., 07080 Kepez\/Antalya E-Mail info@07antalyacilingir.com \u00c7al\u0131\u015fma Saati: 7\/24 Telefon +90 505 931 16 69<\/p>","protected":false},"author":1,"featured_media":0,"parent":0,"menu_order":0,"comment_status":"closed","ping_status":"closed","template":"templates\/blank.php","meta":{"footnotes":""},"yoast_head":"<!-- This site is optimized with the Yoast SEO plugin v21.5 - https:\/\/yoast.com\/wordpress\/plugins\/seo\/ -->\n<title>\u0130leti\u015fim - Antalya cilingir<\/title>\n<meta name=\"robots\" content=\"index, follow, max-snippet:-1, max-image-preview:large, max-video-preview:-1\" \/>\n<link rel=\"canonical\" href=\"https:\/\/07antalyacilingir.com\/index.php\/iletisim\/\" \/>\n<meta property=\"og:locale\" content=\"en_US\" \/>\n<meta property=\"og:type\" content=\"article\" \/>\n<meta property=\"og:title\" content=\"\u0130leti\u015fim - Antalya cilingir\" \/>\n<meta property=\"og:description\" content=\"Adres Kanal, Yasemin Cd., 07080 Kepez\/Antalya E-Mail info@07antalyacilingir.com \u00c7al\u0131\u015fma Saati: 7\/24 Telefon +90 505 931 16 69\" \/>\n<meta property=\"og:url\" content=\"https:\/\/07antalyacilingir.com\/index.php\/iletisim\/\" \/>\n<meta property=\"og:site_name\" content=\"Antalya cilingir\" \/>\n<meta property=\"article:modified_time\" content=\"2023-11-08T01:08:32+00:00\" \/>\n<meta name=\"twitter:card\" content=\"summary_large_image\" \/>\n<script type=\"application\/ld+json\" class=\"yoast-schema-graph\">{\"@context\":\"https:\/\/schema.org\",\"@graph\":[{\"@type\":\"WebPage\",\"@id\":\"https:\/\/07antalyacilingir.com\/index.php\/iletisim\/\",\"url\":\"https:\/\/07antalyacilingir.com\/index.php\/iletisim\/\",\"name\":\"\u0130leti\u015fim - Antalya cilingir\",\"isPartOf\":{\"@id\":\"https:\/\/07antalyacilingir.com\/#website\"},\"datePublished\":\"2020-11-13T16:18:37+00:00\",\"dateModified\":\"2023-11-08T01:08:32+00:00\",\"breadcrumb\":{\"@id\":\"https:\/\/07antalyacilingir.com\/index.php\/iletisim\/#breadcrumb\"},\"inLanguage\":\"en-US\",\"potentialAction\":[{\"@type\":\"ReadAction\",\"target\":[\"https:\/\/07antalyacilingir.com\/index.php\/iletisim\/\"]}]},{\"@type\":\"BreadcrumbList\",\"@id\":\"https:\/\/07antalyacilingir.com\/index.php\/iletisim\/#breadcrumb\",\"itemListElement\":[{\"@type\":\"ListItem\",\"position\":1,\"name\":\"Anasayfa\",\"item\":\"https:\/\/07antalyacilingir.com\/\"},{\"@type\":\"ListItem\",\"position\":2,\"name\":\"\u0130leti\u015fim\"}]},{\"@type\":\"WebSite\",\"@id\":\"https:\/\/07antalyacilingir.com\/#website\",\"url\":\"https:\/\/07antalyacilingir.com\/\",\"name\":\"Antalya cilingir\",\"description\":\"\",\"publisher\":{\"@id\":\"https:\/\/07antalyacilingir.com\/#organization\"},\"potentialAction\":[{\"@type\":\"SearchAction\",\"target\":{\"@type\":\"EntryPoint\",\"urlTemplate\":\"https:\/\/07antalyacilingir.com\/?s={search_term_string}\"},\"query-input\":\"required name=search_term_string\"}],\"inLanguage\":\"en-US\"},{\"@type\":\"Organization\",\"@id\":\"https:\/\/07antalyacilingir.com\/#organization\",\"name\":\"Antalya \u00e7ilingir\",\"alternateName\":\"ev anahtar \u00e7ilingir oto \u00e7ilingir hizmeti\",\"url\":\"https:\/\/07antalyacilingir.com\/\",\"logo\":{\"@type\":\"ImageObject\",\"inLanguage\":\"en-US\",\"@id\":\"https:\/\/07antalyacilingir.com\/#\/schema\/logo\/image\/\",\"url\":\"https:\/\/07antalyacilingir.com\/wp-content\/uploads\/2023\/11\/Basliksiz-8.png\",\"contentUrl\":\"https:\/\/07antalyacilingir.com\/wp-content\/uploads\/2023\/11\/Basliksiz-8.png\",\"width\":239,\"height\":35,\"caption\":\"Antalya \u00e7ilingir\"},\"image\":{\"@id\":\"https:\/\/07antalyacilingir.com\/#\/schema\/logo\/image\/\"}}]}<\/script>\n<!-- \/ Yoast SEO plugin. -->","yoast_head_json":{"title":"\u0130leti\u015fim - Antalya cilingir","robots":{"index":"index","follow":"follow","max-snippet":"max-snippet:-1","max-image-preview":"max-image-preview:large","max-video-preview":"max-video-preview:-1"},"canonical":"https:\/\/07antalyacilingir.com\/index.php\/iletisim\/","og_locale":"en_US","og_type":"article","og_title":"\u0130leti\u015fim - Antalya cilingir","og_description":"Adres Kanal, Yasemin Cd., 07080 Kepez\/Antalya E-Mail info@07antalyacilingir.com \u00c7al\u0131\u015fma Saati: 7\/24 Telefon +90 505 931 16 69","og_url":"https:\/\/07antalyacilingir.com\/index.php\/iletisim\/","og_site_name":"Antalya cilingir","article_modified_time":"2023-11-08T01:08:32+00:00","twitter_card":"summary_large_image","schema":{"@context":"https:\/\/schema.org","@graph":[{"@type":"WebPage","@id":"https:\/\/07antalyacilingir.com\/index.php\/iletisim\/","url":"https:\/\/07antalyacilingir.com\/index.php\/iletisim\/","name":"\u0130leti\u015fim - Antalya cilingir","isPartOf":{"@id":"https:\/\/07antalyacilingir.com\/#website"},"datePublished":"2020-11-13T16:18:37+00:00","dateModified":"2023-11-08T01:08:32+00:00","breadcrumb":{"@id":"https:\/\/07antalyacilingir.com\/index.php\/iletisim\/#breadcrumb"},"inLanguage":"en-US","potentialAction":[{"@type":"ReadAction","target":["https:\/\/07antalyacilingir.com\/index.php\/iletisim\/"]}]},{"@type":"BreadcrumbList","@id":"https:\/\/07antalyacilingir.com\/index.php\/iletisim\/#breadcrumb","itemListElement":[{"@type":"ListItem","position":1,"name":"Anasayfa","item":"https:\/\/07antalyacilingir.com\/"},{"@type":"ListItem","position":2,"name":"\u0130leti\u015fim"}]},{"@type":"WebSite","@id":"https:\/\/07antalyacilingir.com\/#website","url":"https:\/\/07antalyacilingir.com\/","name":"Antalya cilingir","description":"","publisher":{"@id":"https:\/\/07antalyacilingir.com\/#organization"},"potentialAction":[{"@type":"SearchAction","target":{"@type":"EntryPoint","urlTemplate":"https:\/\/07antalyacilingir.com\/?s={search_term_string}"},"query-input":"required name=search_term_string"}],"inLanguage":"en-US"},{"@type":"Organization","@id":"https:\/\/07antalyacilingir.com\/#organization","name":"Antalya \u00e7ilingir","alternateName":"ev anahtar \u00e7ilingir oto \u00e7ilingir hizmeti","url":"https:\/\/07antalyacilingir.com\/","logo":{"@type":"ImageObject","inLanguage":"en-US","@id":"https:\/\/07antalyacilingir.com\/#\/schema\/logo\/image\/","url":"https:\/\/07antalyacilingir.com\/wp-content\/uploads\/2023\/11\/Basliksiz-8.png","contentUrl":"https:\/\/07antalyacilingir.com\/wp-content\/uploads\/2023\/11\/Basliksiz-8.png","width":239,"height":35,"caption":"Antalya \u00e7ilingir"},"image":{"@id":"https:\/\/07antalyacilingir.com\/#\/schema\/logo\/image\/"}}]}},"_links":{"self":[{"href":"https:\/\/07antalyacilingir.com\/index.php\/wp-json\/wp\/v2\/pages\/23"}],"collection":[{"href":"https:\/\/07antalyacilingir.com\/index.php\/wp-json\/wp\/v2\/pages"}],"about":[{"href":"https:\/\/07antalyacilingir.com\/index.php\/wp-json\/wp\/v2\/types\/page"}],"author":[{"embeddable":true,"href":"https:\/\/07antalyacilingir.com\/index.php\/wp-json\/wp\/v2\/users\/1"}],"replies":[{"embeddable":true,"href":"https:\/\/07antalyacilingir.com\/index.php\/wp-json\/wp\/v2\/comments?post=23"}],"version-history":[{"count":4,"href":"https:\/\/07antalyacilingir.com\/index.php\/wp-json\/wp\/v2\/pages\/23\/revisions"}],"predecessor-version":[{"id":1247,"href":"https:\/\/07antalyacilingir.com\/index.php\/wp-json\/wp\/v2\/pages\/23\/revisions\/1247"}],"wp:attachment":[{"href":"https:\/\/07antalyacilingir.com\/index.php\/wp-json\/wp\/v2\/media?parent=23"}],"curies":[{"name":"wp","href":"https:\/\/api.w.org\/{rel}","templated":true}]}}